{"id":4190,"date":"2022-07-25T08:46:56","date_gmt":"2022-07-25T08:46:56","guid":{"rendered":"https:\/\/zindapro.com\/tr\/?page_id=4190"},"modified":"2022-08-18T06:34:46","modified_gmt":"2022-08-18T06:34:46","slug":"innovation-and-development","status":"publish","type":"page","link":"https:\/\/zindapro.com\/tr\/innovation-and-development\/","title":{"rendered":"Innovation and development"},"content":{"rendered":"\t\t<div data-elementor-type=\"wp-page\" data-elementor-id=\"4190\" class=\"elementor elementor-4190\">\n\t\t\t\t\t\t<div class=\"elementor-inner\">\n\t\t\t\t<div class=\"elementor-section-wrap\">\n\t\t\t\t\t\t\t\t\t<section class=\"elementor-section elementor-top-section elementor-element elementor-element-7906f062 elementor-section-boxed elementor-section-height-default elementor-section-height-default\" data-id=\"7906f062\" data-element_type=\"section\" data-settings=\"{&quot;background_background&quot;:&quot;classic&quot;}\">\n\t\t\t\t\t\t<div class=\"elementor-container elementor-column-gap-default\">\n\t\t\t\t\t\t\t<div class=\"elementor-row\">\n\t\t\t\t\t<div class=\"elementor-column elementor-col-100 elementor-top-column elementor-element elementor-element-10dd5f7a\" data-id=\"10dd5f7a\" data-element_type=\"column\">\n\t\t\t<div class=\"elementor-column-wrap elementor-element-populated\">\n\t\t\t\t\t\t\t<div class=\"elementor-widget-wrap\">\n\t\t\t\t\t\t<section class=\"elementor-section elementor-inner-section elementor-element elementor-element-309be105 elementor-section-boxed elementor-section-height-default elementor-section-height-default\" data-id=\"309be105\" data-element_type=\"section\">\n\t\t\t\t\t\t<div class=\"elementor-container elementor-column-gap-default\">\n\t\t\t\t\t\t\t<div class=\"elementor-row\">\n\t\t\t\t\t<div class=\"elementor-column elementor-col-100 elementor-inner-column elementor-element elementor-element-d19d61f\" data-id=\"d19d61f\" data-element_type=\"column\">\n\t\t\t<div class=\"elementor-column-wrap elementor-element-populated\">\n\t\t\t\t\t\t\t<div class=\"elementor-widget-wrap\">\n\t\t\t\t\t\t<div class=\"elementor-element elementor-element-40964e2 elementor-widget elementor-widget-heading\" data-id=\"40964e2\" data-element_type=\"widget\" data-widget_type=\"heading.default\">\n\t\t\t\t<div class=\"elementor-widget-container\">\n\t\t\t<h2 class=\"elementor-heading-title elementor-size-default\">\u0130novasyon ve Geli\u015ftirme<\/h2>\t\t<\/div>\n\t\t\t\t<\/div>\n\t\t\t\t\t\t<\/div>\n\t\t\t\t\t<\/div>\n\t\t<\/div>\n\t\t\t\t\t\t\t\t<\/div>\n\t\t\t\t\t<\/div>\n\t\t<\/section>\n\t\t\t\t\t\t<\/div>\n\t\t\t\t\t<\/div>\n\t\t<\/div>\n\t\t\t\t\t\t\t\t<\/div>\n\t\t\t\t\t<\/div>\n\t\t<\/section>\n\t\t\t\t<section class=\"elementor-section elementor-top-section elementor-element elementor-element-33c0f84e elementor-section-boxed elementor-section-height-default elementor-section-height-default\" data-id=\"33c0f84e\" data-element_type=\"section\">\n\t\t\t\t\t\t<div class=\"elementor-container elementor-column-gap-default\">\n\t\t\t\t\t\t\t<div class=\"elementor-row\">\n\t\t\t\t\t<div class=\"elementor-column elementor-col-50 elementor-top-column elementor-element elementor-element-33738b7\" data-id=\"33738b7\" data-element_type=\"column\">\n\t\t\t<div class=\"elementor-column-wrap elementor-element-populated\">\n\t\t\t\t\t\t\t<div class=\"elementor-widget-wrap\">\n\t\t\t\t\t\t<div class=\"elementor-element elementor-element-02358ef elementor-widget elementor-widget-spacer\" data-id=\"02358ef\" data-element_type=\"widget\" data-widget_type=\"spacer.default\">\n\t\t\t\t<div class=\"elementor-widget-container\">\n\t\t\t\t\t<div class=\"elementor-spacer\">\n\t\t\t<div class=\"elementor-spacer-inner\"><\/div>\n\t\t<\/div>\n\t\t\t\t<\/div>\n\t\t\t\t<\/div>\n\t\t\t\t<div class=\"elementor-element elementor-element-034ed91 elementor-widget elementor-widget-heading\" data-id=\"034ed91\" data-element_type=\"widget\" data-widget_type=\"heading.default\">\n\t\t\t\t<div class=\"elementor-widget-container\">\n\t\t\t<h2 class=\"elementor-heading-title elementor-size-default\">Ara\u015ft\u0131rma ve Geli\u015ftirme<\/h2>\t\t<\/div>\n\t\t\t\t<\/div>\n\t\t\t\t<div class=\"elementor-element elementor-element-dd26a51 elementor-widget elementor-widget-text-editor\" data-id=\"dd26a51\" data-element_type=\"widget\" data-widget_type=\"text-editor.default\">\n\t\t\t\t<div class=\"elementor-widget-container\">\n\t\t\t\t\t\t\t\t<div class=\"elementor-text-editor elementor-clearfix\">\n\t\t\t\t<p>Zendapro firmas\u0131n\u0131n \u00e7al\u0131\u015fmalar\u0131, \u00fcr\u00fcnlerin geli\u015ftirilmesinde yenilenir ve s\u00fcreklidir, geli\u015ftirdi\u011fimiz en \u00f6nemli \u015fey, faydalan\u0131c\u0131lardan \u015fekil d\u00fczeyinde, ambalaj d\u00fczeyinde veya yo\u011funluk ve kalite d\u00fczeyinde geri bildirim almakt\u0131r. Bu konularla ilgilenen ve geli\u015ftiren firmadan gelen t\u00fcm geri bildirimlerde biz de buna ayak uyduruyoruz M\u00fcmk\u00fcn olan her bitkiyi ara\u015ft\u0131r\u0131yoruz ve m\u00fcmk\u00fcn olan maksimum fayday\u0131 elde etmek i\u00e7in testler ve ekstraksiyonlar yap\u0131yoruz.<\/p>\t\t\t\t\t<\/div>\n\t\t\t\t\t\t<\/div>\n\t\t\t\t<\/div>\n\t\t\t\t\t\t<\/div>\n\t\t\t\t\t<\/div>\n\t\t<\/div>\n\t\t\t\t<div class=\"elementor-column elementor-col-50 elementor-top-column elementor-element elementor-element-9c8bf1e\" data-id=\"9c8bf1e\" data-element_type=\"column\">\n\t\t\t<div class=\"elementor-column-wrap elementor-element-populated\">\n\t\t\t\t\t\t\t<div class=\"elementor-widget-wrap\">\n\t\t\t\t\t\t<div class=\"elementor-element elementor-element-b0e64ee elementor-widget elementor-widget-image\" data-id=\"b0e64ee\" data-element_type=\"widget\" data-widget_type=\"image.default\">\n\t\t\t\t<div class=\"elementor-widget-container\">\n\t\t\t\t\t\t\t\t<div class=\"elementor-image\">\n\t\t\t\t\t\t\t\t\t\t\t\t<img width=\"1024\" height=\"576\" src=\"https:\/\/zindapro.com\/tr\/wp-content\/uploads\/2022\/08\/innovation-1024x576.jpg\" class=\"attachment-large size-large\" alt=\"\" loading=\"lazy\" srcset=\"https:\/\/zindapro.com\/tr\/wp-content\/uploads\/2022\/08\/innovation-1024x576.jpg 1024w, https:\/\/zindapro.com\/tr\/wp-content\/uploads\/2022\/08\/innovation-300x169.jpg 300w, https:\/\/zindapro.com\/tr\/wp-content\/uploads\/2022\/08\/innovation-768x432.jpg 768w, https:\/\/zindapro.com\/tr\/wp-content\/uploads\/2022\/08\/innovation-600x338.jpg 600w, https:\/\/zindapro.com\/tr\/wp-content\/uploads\/2022\/08\/innovation.jpg 1200w\" sizes=\"(max-width: 1024px) 100vw, 1024px\" \/>\t\t\t\t\t\t\t\t\t\t\t\t\t\t<\/div>\n\t\t\t\t\t\t<\/div>\n\t\t\t\t<\/div>\n\t\t\t\t\t\t<\/div>\n\t\t\t\t\t<\/div>\n\t\t<\/div>\n\t\t\t\t\t\t\t\t<\/div>\n\t\t\t\t\t<\/div>\n\t\t<\/section>\n\t\t\t\t<section class=\"elementor-section elementor-top-section elementor-element elementor-element-897733c elementor-section-boxed elementor-section-height-default elementor-section-height-default\" data-id=\"897733c\" data-element_type=\"section\">\n\t\t\t\t\t\t<div class=\"elementor-container elementor-column-gap-default\">\n\t\t\t\t\t\t\t<div class=\"elementor-row\">\n\t\t\t\t\t<div class=\"elementor-column elementor-col-50 elementor-top-column elementor-element elementor-element-9b11a47\" data-id=\"9b11a47\" data-element_type=\"column\">\n\t\t\t<div class=\"elementor-column-wrap elementor-element-populated\">\n\t\t\t\t\t\t\t<div class=\"elementor-widget-wrap\">\n\t\t\t\t\t\t<div class=\"elementor-element elementor-element-c38f90b elementor-widget elementor-widget-image\" data-id=\"c38f90b\" data-element_type=\"widget\" data-widget_type=\"image.default\">\n\t\t\t\t<div class=\"elementor-widget-container\">\n\t\t\t\t\t\t\t\t<div class=\"elementor-image\">\n\t\t\t\t\t\t\t\t\t\t\t\t<img width=\"1024\" height=\"683\" src=\"https:\/\/zindapro.com\/tr\/wp-content\/uploads\/2022\/08\/innovation.02-1024x683.jpg\" class=\"attachment-large size-large\" alt=\"\" loading=\"lazy\" srcset=\"https:\/\/zindapro.com\/tr\/wp-content\/uploads\/2022\/08\/innovation.02-1024x683.jpg 1024w, https:\/\/zindapro.com\/tr\/wp-content\/uploads\/2022\/08\/innovation.02-300x200.jpg 300w, https:\/\/zindapro.com\/tr\/wp-content\/uploads\/2022\/08\/innovation.02-768x512.jpg 768w, https:\/\/zindapro.com\/tr\/wp-content\/uploads\/2022\/08\/innovation.02-600x400.jpg 600w, https:\/\/zindapro.com\/tr\/wp-content\/uploads\/2022\/08\/innovation.02.jpg 1200w\" sizes=\"(max-width: 1024px) 100vw, 1024px\" \/>\t\t\t\t\t\t\t\t\t\t\t\t\t\t<\/div>\n\t\t\t\t\t\t<\/div>\n\t\t\t\t<\/div>\n\t\t\t\t\t\t<\/div>\n\t\t\t\t\t<\/div>\n\t\t<\/div>\n\t\t\t\t<div class=\"elementor-column elementor-col-50 elementor-top-column elementor-element elementor-element-b0d547b\" data-id=\"b0d547b\" data-element_type=\"column\">\n\t\t\t<div class=\"elementor-column-wrap elementor-element-populated\">\n\t\t\t\t\t\t\t<div class=\"elementor-widget-wrap\">\n\t\t\t\t\t\t<div class=\"elementor-element elementor-element-770022c elementor-widget elementor-widget-spacer\" data-id=\"770022c\" data-element_type=\"widget\" data-widget_type=\"spacer.default\">\n\t\t\t\t<div class=\"elementor-widget-container\">\n\t\t\t\t\t<div class=\"elementor-spacer\">\n\t\t\t<div class=\"elementor-spacer-inner\"><\/div>\n\t\t<\/div>\n\t\t\t\t<\/div>\n\t\t\t\t<\/div>\n\t\t\t\t<div class=\"elementor-element elementor-element-41b1595 elementor-widget elementor-widget-heading\" data-id=\"41b1595\" data-element_type=\"widget\" data-widget_type=\"heading.default\">\n\t\t\t\t<div class=\"elementor-widget-container\">\n\t\t\t<h2 class=\"elementor-heading-title elementor-size-default\">Kalite Taahh\u00fcd\u00fc<\/h2>\t\t<\/div>\n\t\t\t\t<\/div>\n\t\t\t\t<div class=\"elementor-element elementor-element-2919683 elementor-widget elementor-widget-text-editor\" data-id=\"2919683\" data-element_type=\"widget\" data-widget_type=\"text-editor.default\">\n\t\t\t\t<div class=\"elementor-widget-container\">\n\t\t\t\t\t\t\t\t<div class=\"elementor-text-editor elementor-clearfix\">\n\t\t\t\t<p>Firma \u00fcr\u00fcn\u00fcn kalitesine kendini adam\u0131\u015ft\u0131r ve bu Zindapro i\u00e7in i\u015f \u00f6nceliklerinden biridir ve kaliteyi ihlal eden her t\u00fcrl\u00fc hususu \u00fcstlenir ve varsa \u00fcr\u00fcn\u00fcn ve varsa de\u011ferinin sahibine iadesini kabul eder. \u00fcr\u00fcn\u00fcn kalitesindeki kusur veya kusur, ister \u00fcr\u00fcn\u00fcn kendisinin kalitesi olsun, ister kapanmas\u0131.Posta ta\u015f\u0131mac\u0131l\u0131\u011f\u0131.<\/p>\t\t\t\t\t<\/div>\n\t\t\t\t\t\t<\/div>\n\t\t\t\t<\/div>\n\t\t\t\t\t\t<\/div>\n\t\t\t\t\t<\/div>\n\t\t<\/div>\n\t\t\t\t\t\t\t\t<\/div>\n\t\t\t\t\t<\/div>\n\t\t<\/section>\n\t\t\t\t\t\t\t\t\t<\/div>\n\t\t\t<\/div>\n\t\t\t\t\t<\/div>\n\t\t","protected":false},"excerpt":{"rendered":"<p>\u0130novasyon ve Geli\u015ftirme Ara\u015ft\u0131rma ve Geli\u015ftirme Zendapro firmas\u0131n\u0131n \u00e7al\u0131\u015fmalar\u0131, \u00fcr\u00fcnlerin geli\u015ftirilmesinde yenilenir ve s\u00fcreklidir, geli\u015ftirdi\u011fimiz en \u00f6nemli \u015fey, faydalan\u0131c\u0131lardan \u015fekil d\u00fczeyinde, ambalaj d\u00fczeyinde veya yo\u011funluk ve kalite d\u00fczeyinde geri bildirim almakt\u0131r. Bu konularla ilgilenen ve geli\u015ftiren firmadan gelen t\u00fcm geri bildirimlerde biz de buna ayak uyduruyoruz M\u00fcmk\u00fcn olan her bitkiyi ara\u015ft\u0131r\u0131yoruz ve m\u00fcmk\u00fcn olan maksimum [&hellip;]<\/p>\n","protected":false},"author":1,"featured_media":0,"parent":0,"menu_order":0,"comment_status":"closed","ping_status":"closed","template":"elementor_header_footer","meta":{"_monsterinsights_skip_tracking":false,"_monsterinsights_sitenote_active":false,"_monsterinsights_sitenote_note":"","_monsterinsights_sitenote_category":0},"_links":{"self":[{"href":"https:\/\/zindapro.com\/tr\/wp-json\/wp\/v2\/pages\/4190"}],"collection":[{"href":"https:\/\/zindapro.com\/tr\/wp-json\/wp\/v2\/pages"}],"about":[{"href":"https:\/\/zindapro.com\/tr\/wp-json\/wp\/v2\/types\/page"}],"author":[{"embeddable":true,"href":"https:\/\/zindapro.com\/tr\/wp-json\/wp\/v2\/users\/1"}],"replies":[{"embeddable":true,"href":"https:\/\/zindapro.com\/tr\/wp-json\/wp\/v2\/comments?post=4190"}],"version-history":[{"count":29,"href":"https:\/\/zindapro.com\/tr\/wp-json\/wp\/v2\/pages\/4190\/revisions"}],"predecessor-version":[{"id":4770,"href":"https:\/\/zindapro.com\/tr\/wp-json\/wp\/v2\/pages\/4190\/revisions\/4770"}],"wp:attachment":[{"href":"https:\/\/zindapro.com\/tr\/wp-json\/wp\/v2\/media?parent=4190"}],"curies":[{"name":"wp","href":"https:\/\/api.w.org\/{rel}","templated":true}]}}