{"id":3024,"date":"2021-01-29T16:32:28","date_gmt":"2021-01-29T09:32:28","guid":{"rendered":"https:\/\/zindapro.com\/tr\/?page_id=357"},"modified":"2022-08-18T06:33:53","modified_gmt":"2022-08-18T06:33:53","slug":"about-us","status":"publish","type":"page","link":"https:\/\/zindapro.com\/tr\/about-us\/","title":{"rendered":"About us"},"content":{"rendered":"\t\t<div data-elementor-type=\"wp-page\" data-elementor-id=\"3024\" class=\"elementor elementor-3024\">\n\t\t\t\t\t\t<div class=\"elementor-inner\">\n\t\t\t\t<div class=\"elementor-section-wrap\">\n\t\t\t\t\t\t\t\t\t<section class=\"elementor-section elementor-top-section elementor-element elementor-element-7906f062 elementor-section-boxed elementor-section-height-default elementor-section-height-default\" data-id=\"7906f062\" data-element_type=\"section\" data-settings=\"{&quot;background_background&quot;:&quot;classic&quot;}\">\n\t\t\t\t\t\t<div class=\"elementor-container elementor-column-gap-default\">\n\t\t\t\t\t\t\t<div class=\"elementor-row\">\n\t\t\t\t\t<div class=\"elementor-column elementor-col-100 elementor-top-column elementor-element elementor-element-10dd5f7a\" data-id=\"10dd5f7a\" data-element_type=\"column\">\n\t\t\t<div class=\"elementor-column-wrap elementor-element-populated\">\n\t\t\t\t\t\t\t<div class=\"elementor-widget-wrap\">\n\t\t\t\t\t\t<section class=\"elementor-section elementor-inner-section elementor-element elementor-element-309be105 elementor-section-boxed elementor-section-height-default elementor-section-height-default\" data-id=\"309be105\" data-element_type=\"section\">\n\t\t\t\t\t\t<div class=\"elementor-container elementor-column-gap-default\">\n\t\t\t\t\t\t\t<div class=\"elementor-row\">\n\t\t\t\t\t<div class=\"elementor-column elementor-col-100 elementor-inner-column elementor-element elementor-element-d19d61f\" data-id=\"d19d61f\" data-element_type=\"column\">\n\t\t\t<div class=\"elementor-column-wrap elementor-element-populated\">\n\t\t\t\t\t\t\t<div class=\"elementor-widget-wrap\">\n\t\t\t\t\t\t<div class=\"elementor-element elementor-element-40964e2 elementor-widget elementor-widget-heading\" data-id=\"40964e2\" data-element_type=\"widget\" data-widget_type=\"heading.default\">\n\t\t\t\t<div class=\"elementor-widget-container\">\n\t\t\t<h2 class=\"elementor-heading-title elementor-size-default\">Hakk\u0131m\u0131zda<\/h2>\t\t<\/div>\n\t\t\t\t<\/div>\n\t\t\t\t\t\t<\/div>\n\t\t\t\t\t<\/div>\n\t\t<\/div>\n\t\t\t\t\t\t\t\t<\/div>\n\t\t\t\t\t<\/div>\n\t\t<\/section>\n\t\t\t\t\t\t<\/div>\n\t\t\t\t\t<\/div>\n\t\t<\/div>\n\t\t\t\t\t\t\t\t<\/div>\n\t\t\t\t\t<\/div>\n\t\t<\/section>\n\t\t\t\t<section class=\"elementor-section elementor-top-section elementor-element elementor-element-33c0f84e elementor-section-boxed elementor-section-height-default elementor-section-height-default\" data-id=\"33c0f84e\" data-element_type=\"section\">\n\t\t\t\t\t\t<div class=\"elementor-container elementor-column-gap-default\">\n\t\t\t\t\t\t\t<div class=\"elementor-row\">\n\t\t\t\t\t<div class=\"elementor-column elementor-col-50 elementor-top-column elementor-element elementor-element-33738b7\" data-id=\"33738b7\" data-element_type=\"column\">\n\t\t\t<div class=\"elementor-column-wrap elementor-element-populated\">\n\t\t\t\t\t\t\t<div class=\"elementor-widget-wrap\">\n\t\t\t\t\t\t<div class=\"elementor-element elementor-element-c5ea041 elementor-widget elementor-widget-spacer\" data-id=\"c5ea041\" data-element_type=\"widget\" data-widget_type=\"spacer.default\">\n\t\t\t\t<div class=\"elementor-widget-container\">\n\t\t\t\t\t<div class=\"elementor-spacer\">\n\t\t\t<div class=\"elementor-spacer-inner\"><\/div>\n\t\t<\/div>\n\t\t\t\t<\/div>\n\t\t\t\t<\/div>\n\t\t\t\t<div class=\"elementor-element elementor-element-2caad7b elementor-widget__width-initial elementor-widget elementor-widget-heading\" data-id=\"2caad7b\" data-element_type=\"widget\" data-widget_type=\"heading.default\">\n\t\t\t\t<div class=\"elementor-widget-container\">\n\t\t\t<h6 class=\"elementor-heading-title elementor-size-default\">About Us<\/h6>\t\t<\/div>\n\t\t\t\t<\/div>\n\t\t\t\t<div class=\"elementor-element elementor-element-594dbb6 elementor-widget__width-initial elementor-widget-divider--view-line elementor-widget elementor-widget-divider\" data-id=\"594dbb6\" data-element_type=\"widget\" data-widget_type=\"divider.default\">\n\t\t\t\t<div class=\"elementor-widget-container\">\n\t\t\t\t\t<div class=\"elementor-divider\">\n\t\t\t<span class=\"elementor-divider-separator\">\n\t\t\t\t\t\t<\/span>\n\t\t<\/div>\n\t\t\t\t<\/div>\n\t\t\t\t<\/div>\n\t\t\t\t<div class=\"elementor-element elementor-element-0d8a12f elementor-widget elementor-widget-text-editor\" data-id=\"0d8a12f\" data-element_type=\"widget\" data-widget_type=\"text-editor.default\">\n\t\t\t\t<div class=\"elementor-widget-container\">\n\t\t\t\t\t\t\t\t<div class=\"elementor-text-editor elementor-clearfix\">\n\t\t\t\t<p>Biz kimiz?<\/p>\t\t\t\t\t<\/div>\n\t\t\t\t\t\t<\/div>\n\t\t\t\t<\/div>\n\t\t\t\t<div class=\"elementor-element elementor-element-dd26a51 elementor-widget elementor-widget-text-editor\" data-id=\"dd26a51\" data-element_type=\"widget\" data-widget_type=\"text-editor.default\">\n\t\t\t\t<div class=\"elementor-widget-container\">\n\t\t\t\t\t\t\t\t<div class=\"elementor-text-editor elementor-clearfix\">\n\t\t\t\t<p>Bitkisel materyalleri orijinal kaynaklar\u0131ndan, orijinal ve iyi t\u00fcrlerinden \u00fcreten bir firmay\u0131z. Her zaman iyi bir yerden en iyi \u00e7e\u015fidini se\u00e7ip, y\u00fcksek kalitede bilimsel y\u00f6ntemlerle \u00e7\u0131kar\u0131p, incelenen bilimsel y\u00f6ntemlerle, ister ila\u00e7 ister g\u0131da ama\u00e7l\u0131 olsun, t\u00fcketicilere ve bu do\u011fal bitkilere ihtiya\u00e7 duyanlara ula\u015ft\u0131rmak i\u00e7in \u00e7al\u0131\u015f\u0131yoruz. Peygamberimiz (sav)&#8217;in zikretti\u011fi ve \u00f6zellikle tedavisi olmayan hastal\u0131klarda pek \u00e7ok hastaya yard\u0131mc\u0131 olan bir grup \u015fifal\u0131 bitkinin ke\u015ffedilmesiyle, ara\u015ft\u0131rmalar\u0131n \u00e7\u0131kar\u0131lmas\u0131 ve \u00e7\u0131k\u0131\u015f\u0131 ile sonu\u00e7lanm\u0131\u015ft\u0131r.<\/p><p>\u00a0Bu \u015firket, bu \u00fcr\u00fcn\u00fcn Peygamberimiz (sav)&#8217;in bahsi ge\u00e7en do\u011fal hammaddelerinden teslimini ve Peygamber&#8217;in tan\u0131m\u0131ndan kaynaklanan bilimsel y\u00f6ntemlerle \u00e7\u0131kar\u0131lmas\u0131n\u0131 ve alternatif kaynaklardan yararlanmay\u0131 taahh\u00fct eder. \u00c7in t\u0131bb\u0131 ve Hint t\u0131bb\u0131 gibi ila\u00e7lar, bir\u00e7ok hastal\u0131\u011f\u0131 tedavi etti\u011fi bilindi\u011fi ve bir\u00e7ok hastal\u0131\u011f\u0131 tedavi etmek i\u00e7in kullan\u0131ld\u0131\u011f\u0131 i\u00e7in. Bu.<\/p>\t\t\t\t\t<\/div>\n\t\t\t\t\t\t<\/div>\n\t\t\t\t<\/div>\n\t\t\t\t\t\t<\/div>\n\t\t\t\t\t<\/div>\n\t\t<\/div>\n\t\t\t\t<div class=\"elementor-column elementor-col-50 elementor-top-column elementor-element elementor-element-9c8bf1e\" data-id=\"9c8bf1e\" data-element_type=\"column\">\n\t\t\t<div class=\"elementor-column-wrap elementor-element-populated\">\n\t\t\t\t\t\t\t<div class=\"elementor-widget-wrap\">\n\t\t\t\t\t\t<div class=\"elementor-element elementor-element-b0e64ee elementor-widget elementor-widget-image\" data-id=\"b0e64ee\" data-element_type=\"widget\" data-widget_type=\"image.default\">\n\t\t\t\t<div class=\"elementor-widget-container\">\n\t\t\t\t\t\t\t\t<div class=\"elementor-image\">\n\t\t\t\t\t\t\t\t\t\t\t\t<img width=\"1024\" height=\"1024\" src=\"https:\/\/zindapro.com\/tr\/wp-content\/uploads\/2022\/08\/HabibiCollections_Qist_Root_Indian_Costus_Root2-1024x1024.png\" class=\"attachment-large size-large\" alt=\"\" loading=\"lazy\" srcset=\"https:\/\/zindapro.com\/tr\/wp-content\/uploads\/2022\/08\/HabibiCollections_Qist_Root_Indian_Costus_Root2-1024x1024.png 1024w, https:\/\/zindapro.com\/tr\/wp-content\/uploads\/2022\/08\/HabibiCollections_Qist_Root_Indian_Costus_Root2-300x300.png 300w, https:\/\/zindapro.com\/tr\/wp-content\/uploads\/2022\/08\/HabibiCollections_Qist_Root_Indian_Costus_Root2-150x150.png 150w, https:\/\/zindapro.com\/tr\/wp-content\/uploads\/2022\/08\/HabibiCollections_Qist_Root_Indian_Costus_Root2-768x768.png 768w, https:\/\/zindapro.com\/tr\/wp-content\/uploads\/2022\/08\/HabibiCollections_Qist_Root_Indian_Costus_Root2-600x600.png 600w, https:\/\/zindapro.com\/tr\/wp-content\/uploads\/2022\/08\/HabibiCollections_Qist_Root_Indian_Costus_Root2-440x440.png 440w, https:\/\/zindapro.com\/tr\/wp-content\/uploads\/2022\/08\/HabibiCollections_Qist_Root_Indian_Costus_Root2-120x120.png 120w, https:\/\/zindapro.com\/tr\/wp-content\/uploads\/2022\/08\/HabibiCollections_Qist_Root_Indian_Costus_Root2-100x100.png 100w, https:\/\/zindapro.com\/tr\/wp-content\/uploads\/2022\/08\/HabibiCollections_Qist_Root_Indian_Costus_Root2-46x46.png 46w, https:\/\/zindapro.com\/tr\/wp-content\/uploads\/2022\/08\/HabibiCollections_Qist_Root_Indian_Costus_Root2.png 1500w\" sizes=\"(max-width: 1024px) 100vw, 1024px\" \/>\t\t\t\t\t\t\t\t\t\t\t\t\t\t<\/div>\n\t\t\t\t\t\t<\/div>\n\t\t\t\t<\/div>\n\t\t\t\t\t\t<\/div>\n\t\t\t\t\t<\/div>\n\t\t<\/div>\n\t\t\t\t\t\t\t\t<\/div>\n\t\t\t\t\t<\/div>\n\t\t<\/section>\n\t\t\t\t<section class=\"elementor-section elementor-top-section elementor-element elementor-element-5f5b4d9 elementor-section-boxed elementor-section-height-default elementor-section-height-default\" data-id=\"5f5b4d9\" data-element_type=\"section\">\n\t\t\t\t\t\t<div class=\"elementor-container elementor-column-gap-default\">\n\t\t\t\t\t\t\t<div class=\"elementor-row\">\n\t\t\t\t\t<div class=\"elementor-column elementor-col-50 elementor-top-column elementor-element elementor-element-62953dc\" data-id=\"62953dc\" data-element_type=\"column\">\n\t\t\t<div class=\"elementor-column-wrap elementor-element-populated\">\n\t\t\t\t\t\t\t<div class=\"elementor-widget-wrap\">\n\t\t\t\t\t\t<div class=\"elementor-element elementor-element-2208d87 elementor-widget elementor-widget-image\" data-id=\"2208d87\" data-element_type=\"widget\" data-widget_type=\"image.default\">\n\t\t\t\t<div class=\"elementor-widget-container\">\n\t\t\t\t\t\t\t\t<div class=\"elementor-image\">\n\t\t\t\t\t\t\t\t\t\t\t\t<img width=\"1024\" height=\"769\" src=\"https:\/\/zindapro.com\/tr\/wp-content\/uploads\/2022\/08\/1024px-Saussurea_\u00bf_costus___7839595576.jpg\" class=\"attachment-large size-large\" alt=\"\" loading=\"lazy\" srcset=\"https:\/\/zindapro.com\/tr\/wp-content\/uploads\/2022\/08\/1024px-Saussurea_\u00bf_costus___7839595576.jpg 1024w, https:\/\/zindapro.com\/tr\/wp-content\/uploads\/2022\/08\/1024px-Saussurea_\u00bf_costus___7839595576-300x225.jpg 300w, https:\/\/zindapro.com\/tr\/wp-content\/uploads\/2022\/08\/1024px-Saussurea_\u00bf_costus___7839595576-768x577.jpg 768w, https:\/\/zindapro.com\/tr\/wp-content\/uploads\/2022\/08\/1024px-Saussurea_\u00bf_costus___7839595576-600x451.jpg 600w\" sizes=\"(max-width: 1024px) 100vw, 1024px\" \/>\t\t\t\t\t\t\t\t\t\t\t\t\t\t<\/div>\n\t\t\t\t\t\t<\/div>\n\t\t\t\t<\/div>\n\t\t\t\t<div class=\"elementor-element elementor-element-26126e3 elementor-widget elementor-widget-spacer\" data-id=\"26126e3\" data-element_type=\"widget\" data-widget_type=\"spacer.default\">\n\t\t\t\t<div class=\"elementor-widget-container\">\n\t\t\t\t\t<div class=\"elementor-spacer\">\n\t\t\t<div class=\"elementor-spacer-inner\"><\/div>\n\t\t<\/div>\n\t\t\t\t<\/div>\n\t\t\t\t<\/div>\n\t\t\t\t\t\t<\/div>\n\t\t\t\t\t<\/div>\n\t\t<\/div>\n\t\t\t\t<div class=\"elementor-column elementor-col-50 elementor-top-column elementor-element elementor-element-ddad997\" data-id=\"ddad997\" data-element_type=\"column\">\n\t\t\t<div class=\"elementor-column-wrap elementor-element-populated\">\n\t\t\t\t\t\t\t<div class=\"elementor-widget-wrap\">\n\t\t\t\t\t\t<div class=\"elementor-element elementor-element-e8c376a elementor-widget elementor-widget-text-editor\" data-id=\"e8c376a\" data-element_type=\"widget\" data-widget_type=\"text-editor.default\">\n\t\t\t\t<div class=\"elementor-widget-container\">\n\t\t\t\t\t\t\t\t<div class=\"elementor-text-editor elementor-clearfix\">\n\t\t\t\t<p>\u015eirket Ge\u00e7mi\u015fi<\/p>\t\t\t\t\t<\/div>\n\t\t\t\t\t\t<\/div>\n\t\t\t\t<\/div>\n\t\t\t\t<div class=\"elementor-element elementor-element-a459055 elementor-widget elementor-widget-text-editor\" data-id=\"a459055\" data-element_type=\"widget\" data-widget_type=\"text-editor.default\">\n\t\t\t\t<div class=\"elementor-widget-container\">\n\t\t\t\t\t\t\t\t<div class=\"elementor-text-editor elementor-clearfix\">\n\t\t\t\t<p>Kral Abd\u00fclaziz \u00dcniversitesi&#8217;nde Peygamber&#8217;in \u015fifal\u0131 otlar i\u00e7in t\u0131bb\u0131 \u00fczerine ara\u015ft\u0131rma \u00e7al\u0131\u015fmalar\u0131na ba\u015flayan \u015firket, daha sonra Yemen&#8217;deki Bilim ve Teknoloji \u00dcniversitesi&#8217;nde Al-Iman \u00dcniversitesi ile koordineli olarak devam etti ve daha sonra Hz. Bu hastal\u0131klar\u0131n tedavisi i\u00e7in \u00e7ok say\u0131da hasta kabul ediyor.<\/p><p>\u00a02008 y\u0131l\u0131nda, bu \u00fcr\u00fcnlerin T\u00fcrkiye i\u00e7inde besin takviyeleri ve bitkisel ila\u00e7lar olarak ruhsatland\u0131r\u0131lmas\u0131 i\u00e7in T\u00fcrk makamlar\u0131 ile temasa ge\u00e7ilmi\u015ftir.<\/p><p>\u00a0\u015eirketin as\u0131l \u00e7al\u0131\u015fmas\u0131 2012 y\u0131l\u0131nda ba\u015flam\u0131\u015f olup, bu alandaki birikmi\u015f tecr\u00fcbelerin faydalan\u0131c\u0131lara ula\u015fmas\u0131 i\u00e7in bu \u00fcr\u00fcnleri piyasaya s\u00fcrmek i\u00e7in \u00e7al\u0131\u015fmaktad\u0131r.<\/p><p>\u00a0Bu \u015firketten bir grup \u00fcr\u00fcn ve bir grup uzman \u015firket ayr\u0131ld\u0131.Bu \u015firketler aras\u0131nda, ister ya\u011flar, \u00f6zler, toz seviyesinde olsun, do\u011frudan bitki materyallerinden elde edilen besin takviyeleri ve do\u011fal kozmetikler konusunda uzmanla\u015fm\u0131\u015f Zindapro vard\u0131. \u00f6zler veya bal \u00f6zleri.<\/p>\t\t\t\t\t<\/div>\n\t\t\t\t\t\t<\/div>\n\t\t\t\t<\/div>\n\t\t\t\t\t\t<\/div>\n\t\t\t\t\t<\/div>\n\t\t<\/div>\n\t\t\t\t\t\t\t\t<\/div>\n\t\t\t\t\t<\/div>\n\t\t<\/section>\n\t\t\t\t<section class=\"elementor-section elementor-top-section elementor-element elementor-element-6d10b68 elementor-section-boxed elementor-section-height-default elementor-section-height-default\" data-id=\"6d10b68\" data-element_type=\"section\">\n\t\t\t\t\t\t<div class=\"elementor-container elementor-column-gap-default\">\n\t\t\t\t\t\t\t<div class=\"elementor-row\">\n\t\t\t\t\t<div class=\"elementor-column elementor-col-100 elementor-top-column elementor-element elementor-element-f14efc4\" data-id=\"f14efc4\" data-element_type=\"column\">\n\t\t\t<div class=\"elementor-column-wrap elementor-element-populated\">\n\t\t\t\t\t\t\t<div class=\"elementor-widget-wrap\">\n\t\t\t\t\t\t<div class=\"elementor-element elementor-element-62d0d94 elementor-widget elementor-widget-heading\" data-id=\"62d0d94\" data-element_type=\"widget\" data-widget_type=\"heading.default\">\n\t\t\t\t<div class=\"elementor-widget-container\">\n\t\t\t<h2 class=\"elementor-heading-title elementor-size-default\">\u015firket vizyonu<\/h2>\t\t<\/div>\n\t\t\t\t<\/div>\n\t\t\t\t<div class=\"elementor-element elementor-element-b08b6c7 elementor-widget elementor-widget-text-editor\" data-id=\"b08b6c7\" data-element_type=\"widget\" data-widget_type=\"text-editor.default\">\n\t\t\t\t<div class=\"elementor-widget-container\">\n\t\t\t\t\t\t\t\t<div class=\"elementor-text-editor elementor-clearfix\">\n\t\t\t\t<p style=\"text-align: center;\">Bu \u00fcr\u00fcnleri talep eden ve arzulayan t\u00fcketiciye m\u00fcmk\u00fcn olan en fazla say\u0131da t\u00fcketiciye h\u0131zl\u0131 ve uygun maliyetle ula\u015fmaya \u00e7al\u0131\u015fmakt\u0131r, b\u00f6ylece bu ara\u015ft\u0131rmalar\u0131n sonu\u00e7lar\u0131ndan herkesin do\u011fru kalitede veya fiyatta yararlanabilmesidir.<\/p>\t\t\t\t\t<\/div>\n\t\t\t\t\t\t<\/div>\n\t\t\t\t<\/div>\n\t\t\t\t\t\t<\/div>\n\t\t\t\t\t<\/div>\n\t\t<\/div>\n\t\t\t\t\t\t\t\t<\/div>\n\t\t\t\t\t<\/div>\n\t\t<\/section>\n\t\t\t\t<section class=\"elementor-section elementor-top-section elementor-element elementor-element-6aeda8f elementor-section-boxed elementor-section-height-default elementor-section-height-default\" data-id=\"6aeda8f\" data-element_type=\"section\">\n\t\t\t\t\t\t<div class=\"elementor-container elementor-column-gap-default\">\n\t\t\t\t\t\t\t<div class=\"elementor-row\">\n\t\t\t\t\t<div class=\"elementor-column elementor-col-100 elementor-top-column elementor-element elementor-element-4440035\" data-id=\"4440035\" data-element_type=\"column\">\n\t\t\t<div class=\"elementor-column-wrap elementor-element-populated\">\n\t\t\t\t\t\t\t<div class=\"elementor-widget-wrap\">\n\t\t\t\t\t\t<div class=\"elementor-element elementor-element-1469c27 elementor-widget elementor-widget-heading\" data-id=\"1469c27\" data-element_type=\"widget\" data-widget_type=\"heading.default\">\n\t\t\t\t<div class=\"elementor-widget-container\">\n\t\t\t<h2 class=\"elementor-heading-title elementor-size-default\">\u015firket mesaj\u0131<\/h2>\t\t<\/div>\n\t\t\t\t<\/div>\n\t\t\t\t<div class=\"elementor-element elementor-element-d98a271 elementor-widget elementor-widget-text-editor\" data-id=\"d98a271\" data-element_type=\"widget\" data-widget_type=\"text-editor.default\">\n\t\t\t\t<div class=\"elementor-widget-container\">\n\t\t\t\t\t\t\t\t<div class=\"elementor-text-editor elementor-clearfix\">\n\t\t\t\t<p style=\"text-align: center;\">Firman\u0131n misyonu do\u011fal olmayan her \u015feyden uzak durmak olup, amac\u0131m\u0131z sadece %100 do\u011fal malzemeler sunmak ve ger\u00e7ek bir etken madde bularak ve abart\u0131dan ka\u00e7\u0131narak ya da de\u011feri olmayan malzemeler vererek t\u00fcketiciye ula\u015fmakt\u0131r. Yeni \u00fcretilen, orijinal do\u011fal hammaddeyi ara\u015ft\u0131r\u0131p, bilimsel bir \u015fekilde, y\u00fcksek kalitede ve uygun fiyata \u00e7\u0131kararak insanlar\u0131n faydalanmas\u0131n\u0131 sa\u011flamay\u0131 misyon edinmi\u015ftir. Firma, \u00fcr\u00fcnde kalite ve ilgi y\u00f6nlerini dikkate almayan al\u0131\u015f\u0131lm\u0131\u015f parf\u00fcmc\u00fcl\u00fck i\u015finden do\u011fru bilimsel yollarla uzak durmaya \u00e7al\u0131\u015fmaktad\u0131r.<\/p>\t\t\t\t\t<\/div>\n\t\t\t\t\t\t<\/div>\n\t\t\t\t<\/div>\n\t\t\t\t\t\t<\/div>\n\t\t\t\t\t<\/div>\n\t\t<\/div>\n\t\t\t\t\t\t\t\t<\/div>\n\t\t\t\t\t<\/div>\n\t\t<\/section>\n\t\t\t\t<section class=\"elementor-section elementor-top-section elementor-element elementor-element-4aa6487 elementor-section-boxed elementor-section-height-default elementor-section-height-default\" data-id=\"4aa6487\" data-element_type=\"section\">\n\t\t\t\t\t\t<div class=\"elementor-container elementor-column-gap-default\">\n\t\t\t\t\t\t\t<div class=\"elementor-row\">\n\t\t\t\t\t<div class=\"elementor-column elementor-col-100 elementor-top-column elementor-element elementor-element-e647036\" data-id=\"e647036\" data-element_type=\"column\">\n\t\t\t<div class=\"elementor-column-wrap elementor-element-populated\">\n\t\t\t\t\t\t\t<div class=\"elementor-widget-wrap\">\n\t\t\t\t\t\t<div class=\"elementor-element elementor-element-119307f elementor-widget elementor-widget-heading\" data-id=\"119307f\" data-element_type=\"widget\" data-widget_type=\"heading.default\">\n\t\t\t\t<div class=\"elementor-widget-container\">\n\t\t\t<h2 class=\"elementor-heading-title elementor-size-default\">\u015eirketin hedefleri<\/h2>\t\t<\/div>\n\t\t\t\t<\/div>\n\t\t\t\t<div class=\"elementor-element elementor-element-2ac95ac elementor-widget elementor-widget-text-editor\" data-id=\"2ac95ac\" data-element_type=\"widget\" data-widget_type=\"text-editor.default\">\n\t\t\t\t<div class=\"elementor-widget-container\">\n\t\t\t\t\t\t\t\t<div class=\"elementor-text-editor elementor-clearfix\">\n\t\t\t\t<p>\u015eirket, \u00f6zellikle Arap ve \u0130slam d\u00fcnyas\u0131 ba\u015fta olmak \u00fczere, t\u00fcketim g\u00f6rd\u00fc\u011f\u00fc hedeflenen t\u00fcm b\u00f6lgelerde \u015fubeler a\u00e7maya \u00e7al\u0131\u015f\u0131yor.<\/p><p>Ayn\u0131 zamanda \u015firketin mesaj\u0131n\u0131 iletmeyi ve \u015firketin fikrini veya bitkisel ila\u00e7lar\u0131n fikrini ve kimyasal ya\u015fam taraf\u0131ndan tahrip edilen insan\u0131n ba\u011f\u0131\u015f\u0131kl\u0131k sistemini ve do\u011fal durumunu geri kazanmadaki rol\u00fcn\u00fc iletmeyi ama\u00e7lamaktad\u0131r. modern kirli ya\u015fam, v\u00fccudun yap\u0131s\u0131n\u0131 yeniden yap\u0131land\u0131rman\u0131n ve v\u00fccudundaki toksinleri periyodik olarak atman\u0131n ve bu fikri m\u00fcmk\u00fcn olan en fazla say\u0131da yararlan\u0131c\u0131ya aktarman\u0131n t\u00fcm avantajlar\u0131ndan yararlanabilmesi i\u00e7in.<\/p>\t\t\t\t\t<\/div>\n\t\t\t\t\t\t<\/div>\n\t\t\t\t<\/div>\n\t\t\t\t\t\t<\/div>\n\t\t\t\t\t<\/div>\n\t\t<\/div>\n\t\t\t\t\t\t\t\t<\/div>\n\t\t\t\t\t<\/div>\n\t\t<\/section>\n\t\t\t\t\t\t\t\t\t<\/div>\n\t\t\t<\/div>\n\t\t\t\t\t<\/div>\n\t\t","protected":false},"excerpt":{"rendered":"<p>Hakk\u0131m\u0131zda About Us Biz kimiz? Bitkisel materyalleri orijinal kaynaklar\u0131ndan, orijinal ve iyi t\u00fcrlerinden \u00fcreten bir firmay\u0131z. Her zaman iyi bir yerden en iyi \u00e7e\u015fidini se\u00e7ip, y\u00fcksek kalitede bilimsel y\u00f6ntemlerle \u00e7\u0131kar\u0131p, incelenen bilimsel y\u00f6ntemlerle, ister ila\u00e7 ister g\u0131da ama\u00e7l\u0131 olsun, t\u00fcketicilere ve bu do\u011fal bitkilere ihtiya\u00e7 duyanlara ula\u015ft\u0131rmak i\u00e7in \u00e7al\u0131\u015f\u0131yoruz. Peygamberimiz (sav)&#8217;in zikretti\u011fi ve \u00f6zellikle tedavisi [&hellip;]<\/p>\n","protected":false},"author":1,"featured_media":0,"parent":0,"menu_order":0,"comment_status":"closed","ping_status":"closed","template":"elementor_header_footer","meta":{"_monsterinsights_skip_tracking":false,"_monsterinsights_sitenote_active":false,"_monsterinsights_sitenote_note":"","_monsterinsights_sitenote_category":0},"_links":{"self":[{"href":"https:\/\/zindapro.com\/tr\/wp-json\/wp\/v2\/pages\/3024"}],"collection":[{"href":"https:\/\/zindapro.com\/tr\/wp-json\/wp\/v2\/pages"}],"about":[{"href":"https:\/\/zindapro.com\/tr\/wp-json\/wp\/v2\/types\/page"}],"author":[{"embeddable":true,"href":"https:\/\/zindapro.com\/tr\/wp-json\/wp\/v2\/users\/1"}],"replies":[{"embeddable":true,"href":"https:\/\/zindapro.com\/tr\/wp-json\/wp\/v2\/comments?post=3024"}],"version-history":[{"count":103,"href":"https:\/\/zindapro.com\/tr\/wp-json\/wp\/v2\/pages\/3024\/revisions"}],"predecessor-version":[{"id":4767,"href":"https:\/\/zindapro.com\/tr\/wp-json\/wp\/v2\/pages\/3024\/revisions\/4767"}],"wp:attachment":[{"href":"https:\/\/zindapro.com\/tr\/wp-json\/wp\/v2\/media?parent=3024"}],"curies":[{"name":"wp","href":"https:\/\/api.w.org\/{rel}","templated":true}]}}